{"id":630,"date":"2017-11-23T18:52:47","date_gmt":"2017-11-23T18:52:47","guid":{"rendered":"http:\/\/alvegest.com\/web\/?page_id=630"},"modified":"2024-01-10T08:44:57","modified_gmt":"2024-01-10T08:44:57","slug":"seguros","status":"publish","type":"page","link":"https:\/\/www.alvegest.com\/web\/servicios\/seguros\/","title":{"rendered":"SEGUROS"},"content":{"rendered":"<p>[vc_row][vc_column][vc_custom_heading text=\u00bbSeguros\u00bb use_theme_fonts=\u00bbyes\u00bb][\/vc_column][\/vc_row][vc_row][vc_column width=\u00bb1\/3&#8243;][vc_single_image image=\u00bb879&#8243; img_size=\u00bb253&#215;385&#8243;][\/vc_column][vc_column width=\u00bb2\/3&#8243;][vc_column_text]<\/p>\n<p style=\"line-height: 26px; font-size: 16px; font-weight: 300;\">Si usted desea conocer exactamente lo que le cubre o no su seguro, si tiene posibilidad de ahorro econ\u00f3mico o de mejora sobre las garant\u00edas en \u00e9l contratadas, bien sea a nivel particular, de empresa, o para su comunidad de propietarios, le pondremos en contacto con:<\/p>\n<p style=\"line-height: 26px; font-size: 16px; font-weight: 300;\"><a href=\"http:\/\/www.segurcomunity.es\/\"><img loading=\"lazy\" decoding=\"async\" class=\"alignnone size-full wp-image-883 aligncenter\" style=\"margin-bottom: 40px;\" src=\"https:\/\/alvegest.com\/web\/wp-content\/uploads\/2017\/11\/logo_segurcomunity.jpg\" alt=\"\" width=\"109\" height=\"79\" \/><\/a>Los mediadores titulados de esta Corredur\u00eda de seguros le facilitar\u00e1n su asesoramiento en la elecci\u00f3n de todo tipo de seguros, con diferentes compa\u00f1\u00edas aseguradoras, especializadas en los siguientes ramos&#8230;<\/p>\n<p style=\"line-height: 26px; font-size: 16px; font-weight: 300;\">Hogar &#8211; Vida &#8211; Comunidades &#8211; Construcci\u00f3n &#8211; Decenal &#8211; Oficinas &#8211; Comercios &#8211; Autos &#8211; Motos &#8211; Embarcaciones &#8211; Camiones &#8211; Accidentes &#8211; Amortizaci\u00f3n \u2013 Ahorro e Inversi\u00f3n &#8211; Responsabilidad Profesional \u2013 Decesos.<\/p>\n<p style=\"line-height: 26px; font-size: 16px; font-weight: 300;\">Puede realizar cualquier consulta particular sobre sus p\u00f3lizas de seguro, est\u00e9n o no contratadas con Segurcomunity, enviando un e-mail a segurcomunity@segurcomunity.es o a trav\u00e9s de la web: <a href=\"http:\/\/www.segurcomunity.es\/\">www.segurcomunity.es<\/a><\/p>\n<p>[\/vc_column_text][\/vc_column][\/vc_row]<\/p>\n","protected":false},"excerpt":{"rendered":"<p>[vc_row][vc_column][vc_custom_heading text=\u00bbSeguros\u00bb use_theme_fonts=\u00bbyes\u00bb][\/vc_column][\/vc_row][vc_row][vc_column width=\u00bb1\/3&#8243;][vc_single_image image=\u00bb879&#8243; img_size=\u00bb253&#215;385&#8243;][\/vc_column][vc_column width=\u00bb2\/3&#8243;][vc_column_text] Si usted desea conocer exactamente lo que le cubre o no su seguro, si tiene posibilidad de ahorro econ\u00f3mico o de mejora sobre las garant\u00edas en \u00e9l contratadas, bien sea a nivel particular, de empresa, o para su comunidad de propietarios, le pondremos en contacto con: Los mediadores [&hellip;]<\/p>\n","protected":false},"author":1,"featured_media":0,"parent":36,"menu_order":0,"comment_status":"closed","ping_status":"closed","template":"","meta":{"footnotes":""},"_links":{"self":[{"href":"https:\/\/www.alvegest.com\/web\/wp-json\/wp\/v2\/pages\/630"}],"collection":[{"href":"https:\/\/www.alvegest.com\/web\/wp-json\/wp\/v2\/pages"}],"about":[{"href":"https:\/\/www.alvegest.com\/web\/wp-json\/wp\/v2\/types\/page"}],"author":[{"embeddable":true,"href":"https:\/\/www.alvegest.com\/web\/wp-json\/wp\/v2\/users\/1"}],"replies":[{"embeddable":true,"href":"https:\/\/www.alvegest.com\/web\/wp-json\/wp\/v2\/comments?post=630"}],"version-history":[{"count":12,"href":"https:\/\/www.alvegest.com\/web\/wp-json\/wp\/v2\/pages\/630\/revisions"}],"predecessor-version":[{"id":1281,"href":"https:\/\/www.alvegest.com\/web\/wp-json\/wp\/v2\/pages\/630\/revisions\/1281"}],"up":[{"embeddable":true,"href":"https:\/\/www.alvegest.com\/web\/wp-json\/wp\/v2\/pages\/36"}],"wp:attachment":[{"href":"https:\/\/www.alvegest.com\/web\/wp-json\/wp\/v2\/media?parent=630"}],"curies":[{"name":"wp","href":"https:\/\/api.w.org\/{rel}","templated":true}]}}