{"id":617,"date":"2017-11-22T20:44:02","date_gmt":"2017-11-22T20:44:02","guid":{"rendered":"http:\/\/alvegest.com\/web\/?page_id=617"},"modified":"2024-01-10T09:32:07","modified_gmt":"2024-01-10T09:32:07","slug":"legislacion","status":"publish","type":"page","link":"https:\/\/www.alvegest.com\/web\/legislacion\/","title":{"rendered":"LEGISLACI\u00d3N"},"content":{"rendered":"<p>[vc_row][vc_column][vc_column_text]<\/p>\n<p style=\"font-size: 16px;\">Listado de Ficheros de Legislaci\u00f3n, normativas y recomendaciones aplicables a las comunidades de propietarios.<\/p>\n<p>[\/vc_column_text][\/vc_column][\/vc_row][vc_row][vc_column][vc_toggle title=\u00bbLEY DE PROPIEDAD HORIZONTAL TRAS REFORMA DE DICIEMBRE DE 2023&#8243; use_custom_heading=\u00bbtrue\u00bb]Descargar .pdf <a href=\"http:\/\/www.boe.es\/buscar\/pdf\/1960\/BOE-A-1960-10906-consolidado.pdf\">http:\/\/www.boe.es\/buscar\/pdf\/1960\/BOE-A-1960-10906-consolidado.pdf<\/a>[\/vc_toggle][vc_toggle title=\u00bbBORM 2015 Aprobaci\u00f3n Inspecci\u00f3n T\u00e9cnica de Edificios en la Regi\u00f3n de Murcia\u00bb use_custom_heading=\u00bbtrue\u00bb]<a href=\"https:\/\/alvegest.com\/imagenes\/legislacion\/201714139252015%20BORM%20APROBACION%20Inspeccion%20tecnica%20de%20edificios%20en%20Regi%C3%B3n%20de%20Murcia.pdf\" target=\"_blank\" rel=\"noopener\">Descargar .pdf<\/a>[\/vc_toggle][vc_toggle title=\u00bbLEY DE PROPIEDAD HORIZONTAL TRAS REFORMA DE JUNIO 2013&#8243; use_custom_heading=\u00bbtrue\u00bb]<a href=\"https:\/\/alvegest.com\/imagenes\/legislacion\/20131212128292013%2009%20LEY%20DE%20PROPIEDAD%20HORIZONTAL%20tras%20reforma%20ley%208%202013.pdf\" target=\"_blank\" rel=\"noopener\">Descargar .pdf<\/a>[\/vc_toggle][vc_toggle title=\u00bbTexto Ley de reforma de Arrendamientos Urbanos BOE del 5 de Junio de 2013 en el que se aprueba la Ley 4\/2013 de medidas de flexibilizaci\u00f3n y fomento del mercado de alquiler de viviendas.\u00bb use_custom_heading=\u00bbtrue\u00bb]<a href=\"https:\/\/alvegest.com\/imagenes\/legislacion\/201312121212302013%2005%20ley%20de%20reforma%20de%20la%20Ley%20de%20arrendamientos%20urbanos.pdf\" target=\"_blank\" rel=\"noopener\">Descargar .pdf<\/a>[\/vc_toggle][vc_toggle title=\u00bbPROPIEDAD HORIZONTAL. Textos Legales HASTA JUNIO DE 2013.\u00bb use_custom_heading=\u00bbtrue\u00bb]<a href=\"https:\/\/alvegest.com\/imagenes\/legislacion\/201254125727Propiedad_Horizontal.PDF\" target=\"_blank\" rel=\"noopener\">Descargar .pdf<\/a>[\/vc_toggle][vc_toggle title=\u00bbCODIGO CIVIL. Textos Legales.\u00bb use_custom_heading=\u00bbtrue\u00bb]<a href=\"https:\/\/alvegest.com\/imagenes\/legislacion\/201254125840C%C3%B3digo_Civil.PDF\" target=\"_blank\" rel=\"noopener\">Descargar .pdf<\/a>[\/vc_toggle][vc_toggle title=\u00bbBOE 7-7-2011. Aprobaci\u00f3n Inspecci\u00f3n T\u00e9cnica de Edificios. Art.21 y 22&#8243; use_custom_heading=\u00bbtrue\u00bb]<a href=\"https:\/\/alvegest.com\/imagenes\/legislacion\/201192710478BOE_07.Julio.2011.pdf\" target=\"_blank\" rel=\"noopener\">Descargar .pdf<\/a>[\/vc_toggle][vc_toggle title=\u00bbC\u00f3digo Civil art. 396 y otras referencias a la LPH.\u00bb use_custom_heading=\u00bbtrue\u00bb]<a href=\"https:\/\/alvegest.com\/imagenes\/legislacion\/201197114649Codigo_Civil_art_396_y_otras_referencias.pdf\" target=\"_blank\" rel=\"noopener\">Descargar .pdf<\/a>[\/vc_toggle][vc_toggle title=\u00bbC\u00f3digo Edificaci\u00f3n\u00bb use_custom_heading=\u00bbtrue\u00bb]<a href=\"https:\/\/alvegest.com\/imagenes\/legislacion\/20119711470codigo_edificacion.pdf\" target=\"_blank\" rel=\"noopener\">Descargar .pdf<\/a>[\/vc_toggle][vc_toggle title=\u00bbLey Arrendamientos Urbanos\u00bb use_custom_heading=\u00bbtrue\u00bb]<a href=\"https:\/\/alvegest.com\/imagenes\/legislacion\/201197114722LeyArrendamientosUrbanos.pdf\" target=\"_blank\" rel=\"noopener\">Descargar .pdf<\/a>[\/vc_toggle][vc_toggle title=\u00bbLOPD REGLAMENTO &#8211; BOE 190108&#8243; use_custom_heading=\u00bbtrue\u00bb]<a href=\"https:\/\/alvegest.com\/imagenes\/legislacion\/201197114734LOPD_REGLAMENTO_BOE%20190108.pdf\" target=\"_blank\" rel=\"noopener\">Descargar .pdf<\/a>[\/vc_toggle][\/vc_column][\/vc_row]<\/p>\n","protected":false},"excerpt":{"rendered":"<p>[vc_row][vc_column][vc_column_text] Listado de Ficheros de Legislaci\u00f3n, normativas y recomendaciones aplicables a las comunidades de propietarios. [\/vc_column_text][\/vc_column][\/vc_row][vc_row][vc_column][vc_toggle title=\u00bbLEY DE PROPIEDAD HORIZONTAL TRAS REFORMA DE DICIEMBRE DE 2023&#8243; use_custom_heading=\u00bbtrue\u00bb]Descargar .pdf http:\/\/www.boe.es\/buscar\/pdf\/1960\/BOE-A-1960-10906-consolidado.pdf[\/vc_toggle][vc_toggle title=\u00bbBORM 2015 Aprobaci\u00f3n Inspecci\u00f3n T\u00e9cnica de Edificios en la Regi\u00f3n de Murcia\u00bb use_custom_heading=\u00bbtrue\u00bb]Descargar .pdf[\/vc_toggle][vc_toggle title=\u00bbLEY DE PROPIEDAD HORIZONTAL TRAS REFORMA DE JUNIO 2013&#8243; use_custom_heading=\u00bbtrue\u00bb]Descargar .pdf[\/vc_toggle][vc_toggle title=\u00bbTexto [&hellip;]<\/p>\n","protected":false},"author":1,"featured_media":0,"parent":0,"menu_order":0,"comment_status":"closed","ping_status":"closed","template":"","meta":{"footnotes":""},"_links":{"self":[{"href":"https:\/\/www.alvegest.com\/web\/wp-json\/wp\/v2\/pages\/617"}],"collection":[{"href":"https:\/\/www.alvegest.com\/web\/wp-json\/wp\/v2\/pages"}],"about":[{"href":"https:\/\/www.alvegest.com\/web\/wp-json\/wp\/v2\/types\/page"}],"author":[{"embeddable":true,"href":"https:\/\/www.alvegest.com\/web\/wp-json\/wp\/v2\/users\/1"}],"replies":[{"embeddable":true,"href":"https:\/\/www.alvegest.com\/web\/wp-json\/wp\/v2\/comments?post=617"}],"version-history":[{"count":22,"href":"https:\/\/www.alvegest.com\/web\/wp-json\/wp\/v2\/pages\/617\/revisions"}],"predecessor-version":[{"id":1288,"href":"https:\/\/www.alvegest.com\/web\/wp-json\/wp\/v2\/pages\/617\/revisions\/1288"}],"wp:attachment":[{"href":"https:\/\/www.alvegest.com\/web\/wp-json\/wp\/v2\/media?parent=617"}],"curies":[{"name":"wp","href":"https:\/\/api.w.org\/{rel}","templated":true}]}}