{"id":61,"date":"2016-07-21T02:04:39","date_gmt":"2016-07-21T02:04:39","guid":{"rendered":"http:\/\/sw-themes.com\/porto_dummy\/?page_id=61"},"modified":"2024-01-10T09:02:15","modified_gmt":"2024-01-10T09:02:15","slug":"contacto","status":"publish","type":"page","link":"https:\/\/www.alvegest.com\/web\/contacto\/","title":{"rendered":"Contacto"},"content":{"rendered":"<p>[vc_row][vc_column][vc_custom_heading text=\u00bbContacto y localizaci\u00f3n\u00bb use_theme_fonts=\u00bbyes\u00bb][vc_column_text]<\/p>\n<p style=\"font-size: 16px; line-height: 26px;\">Puede ponerse en contacto con nosotros, por v\u00eda telef\u00f3nica, o presencialmente en nuestras oficinas con el siguiente horario:<\/p>\n<p style=\"font-size: 16px; line-height: 26px;\">Tel\u00e9fono principal: 968 212607, horario de lunes a viernes de 9,00 a 14,00 h. y martes y jueves por las tardes de 17,00 a 19,30 h.<\/p>\n<p style=\"font-size: 16px; line-height: 26px;\">En caso de aver\u00eda urgente fuera de este horario puede llamar a nuestro servicio de urgencias 24 H. Tf. 968 225 007<\/p>\n<h4>Tambi\u00e9n puede contactar por e-mail a trav\u00e9s de info@alvegest.com o rellenando el siguiente formulario:<\/h4>\n<p>[\/vc_column_text]\n<div class=\"wpcf7 no-js\" id=\"wpcf7-f611-o1\" lang=\"es-ES\" dir=\"ltr\">\n<div class=\"screen-reader-response\"><p role=\"status\" aria-live=\"polite\" aria-atomic=\"true\"><\/p> <ul><\/ul><\/div>\n<form action=\"\/web\/wp-json\/wp\/v2\/pages\/61#wpcf7-f611-o1\" method=\"post\" class=\"wpcf7-form init\" aria-label=\"Formulario de contacto\" novalidate=\"novalidate\" data-status=\"init\">\n<div style=\"display: none;\">\n<input type=\"hidden\" name=\"_wpcf7\" value=\"611\" \/>\n<input type=\"hidden\" name=\"_wpcf7_version\" value=\"5.9.6\" \/>\n<input type=\"hidden\" name=\"_wpcf7_locale\" value=\"es_ES\" \/>\n<input type=\"hidden\" name=\"_wpcf7_unit_tag\" value=\"wpcf7-f611-o1\" \/>\n<input type=\"hidden\" name=\"_wpcf7_container_post\" value=\"0\" \/>\n<input type=\"hidden\" name=\"_wpcf7_posted_data_hash\" value=\"\" \/>\n<input type=\"hidden\" name=\"_wpcf7_recaptcha_response\" value=\"\" \/>\n<\/div>\n<p><label> Nombre y apellidos (requerido)<br \/>\n<span class=\"wpcf7-form-control-wrap\" data-name=\"your-name\"><input size=\"40\" maxlength=\"80\" class=\"wpcf7-form-control wpcf7-text wpcf7-validates-as-required\" aria-required=\"true\" aria-invalid=\"false\" value=\"\" type=\"text\" name=\"your-name\" \/><\/span> <\/label>\n<\/p>\n<p><label> Tu correo electr\u00f3nico (requerido)<br \/>\n<span class=\"wpcf7-form-control-wrap\" data-name=\"your-email\"><input size=\"40\" maxlength=\"80\" class=\"wpcf7-form-control wpcf7-email wpcf7-validates-as-required wpcf7-text wpcf7-validates-as-email\" aria-required=\"true\" aria-invalid=\"false\" value=\"\" type=\"email\" name=\"your-email\" \/><\/span> <\/label>\n<\/p>\n<p><label> Asunto<br \/>\n<span class=\"wpcf7-form-control-wrap\" data-name=\"your-subject\"><input size=\"40\" maxlength=\"80\" class=\"wpcf7-form-control wpcf7-text\" aria-invalid=\"false\" value=\"\" type=\"text\" name=\"your-subject\" \/><\/span> <\/label>\n<\/p>\n<p><label> Mensaje<br \/>\n<span class=\"wpcf7-form-control-wrap\" data-name=\"your-message\"><textarea cols=\"40\" rows=\"10\" maxlength=\"400\" class=\"wpcf7-form-control wpcf7-textarea\" aria-invalid=\"false\" name=\"your-message\"><\/textarea><\/span> <\/label><br \/>\n<label><span class=\"wpcf7-form-control-wrap\" data-name=\"acceptance-134\"><span class=\"wpcf7-form-control wpcf7-acceptance\"><span class=\"wpcf7-list-item\"><input type=\"checkbox\" name=\"acceptance-134\" value=\"1\" aria-invalid=\"false\" \/><\/span><\/span><\/span> He le\u00eddo y consiento los tratamientos previstos en la <a href=\"https:\/\/www.alvegest.com\/web\/politica-de-privacidad\/\">Pol\u00edtica de privacidad<\/a><\/label><br \/>\n<input class=\"wpcf7-form-control wpcf7-submit has-spinner\" type=\"submit\" value=\"Enviar formulario\" \/>\n<\/p><p style=\"display: none !important;\" class=\"akismet-fields-container\" data-prefix=\"_wpcf7_ak_\"><label>&#916;<textarea name=\"_wpcf7_ak_hp_textarea\" cols=\"45\" rows=\"8\" maxlength=\"100\"><\/textarea><\/label><input type=\"hidden\" id=\"ak_js_1\" name=\"_wpcf7_ak_js\" value=\"166\"\/><script>document.getElementById( \"ak_js_1\" ).setAttribute( \"value\", ( new Date() ).getTime() );<\/script><\/p><div class=\"wpcf7-response-output\" aria-hidden=\"true\"><\/div>\n<\/form>\n<\/div>\n[\/vc_column][\/vc_row][vc_row css=\u00bb.vc_custom_1572960143550{margin-top: 40px !important;}\u00bb el_id=\u00bbmapas\u00bb][vc_column width=\u00bb1\/3&#8243; el_class=\u00bbm-b-lg\u00bb][vc_custom_heading text=\u00bbMurcia\u00bb font_container=\u00bbtag:h4|text_align:left\u00bb use_theme_fonts=\u00bbyes\u00bb skin=\u00bbdark\u00bb][vc_gmaps link=\u00bb#E-8_JTNDaWZyYW1lJTIwc3JjJTNEJTIyaHR0cHMlM0ElMkYlMkZ3d3cuZ29vZ2xlLmNvbSUyRm1hcHMlMkZlbWJlZCUzRnBiJTNEJTIxMW0xOCUyMTFtMTIlMjExbTMlMjExZDg1Ny4zMjAyMDk1MDc0MTElMjEyZC0xLjEzMDU5NjAwNDIxNDc5JTIxM2QzNy45ODQ5NjIyNjg2MTYzNSUyMTJtMyUyMTFmMCUyMTJmMCUyMTNmMCUyMTNtMiUyMTFpMTAyNCUyMTJpNzY4JTIxNGYxMy4xJTIxM20zJTIxMW0yJTIxMXMweGQ2MzgyMWI1ZTMwMWE4ZCUyNTNBMHg4ZTUyOGJmNzJkMTU0ZjUyJTIxMnNBbHZlZ2VzdCUyNTIwUy5MLiUyMTVlMCUyMTNtMiUyMTFzZXMlMjEyc2VzJTIxNHYxNjUyMjA2MzI3NzMyJTIxNW0yJTIxMXNlcyUyMTJzZXMlMjIlMjB3aWR0aCUzRCUyMjYwMCUyMiUyMGhlaWdodCUzRCUyMjQ1MCUyMiUyMHN0eWxlJTNEJTIyYm9yZGVyJTNBMCUzQiUyMiUyMGFsbG93ZnVsbHNjcmVlbiUzRCUyMiUyMiUyMGxvYWRpbmclM0QlMjJsYXp5JTIyJTIwcmVmZXJyZXJwb2xpY3klM0QlMjJuby1yZWZlcnJlci13aGVuLWRvd25ncmFkZSUyMiUzRSUzQyUyRmlmcmFtZSUzRQ==\u00bb]<div class=\"porto-sicon-wrapper style_1\"><div class=\"porto-sicon-box default-icon\" style=\"\"  ><div class=\"porto-sicon-header\" ><h3 class=\"porto-sicon-title\" style=\"font-size:14px;color:#777777;\"><strong>Direcci\u00f3n<\/strong> C\/ Polo de Medina, 21-1\u00ba - 30.004 - MURCIA <\/h3><\/div> <!-- header --><\/div> <!-- porto-sicon-box --><\/div><div class=\"porto-sicon-wrapper m-t-n style_1\"><div class=\"porto-sicon-box default-icon\" style=\"\"  ><div class=\"porto-sicon-header\" ><h3 class=\"porto-sicon-title\" style=\"font-size:14px;color:#777777;\"><strong>Tel\u00e9fono: <\/strong> 968212607 <strong>Fax:<\/strong> 968355029<\/h3><\/div> <!-- header --><\/div> <!-- porto-sicon-box --><\/div><div class=\"porto-sicon-wrapper m-t-n style_1\"><div class=\"porto-sicon-box default-icon\" style=\"\"  ><div class=\"porto-sicon-header\" ><h3 class=\"porto-sicon-title\" style=\"font-size:14px;color:#777777;\"><strong>Email:<\/strong> info@alvegest.com<\/h3><\/div> <!-- header --><\/div> <!-- porto-sicon-box --><\/div>[\/vc_column][vc_column width=\u00bb1\/3&#8243;][vc_custom_heading text=\u00bbMazarr\u00f3n\u00bb font_container=\u00bbtag:h4|text_align:left\u00bb use_theme_fonts=\u00bbyes\u00bb skin=\u00bbdark\u00bb][vc_gmaps link=\u00bb#E-8_JTNDaWZyYW1lJTIwc3JjJTNEJTIyaHR0cHMlM0ElMkYlMkZ3d3cuZ29vZ2xlLmNvbSUyRm1hcHMlMkZlbWJlZCUzRnBiJTNEJTIxMW0xOCUyMTFtMTIlMjExbTMlMjExZDMxNjEuMTU5MjE0ODY3MTQxJTIxMmQtMS4zMTU0NjIxODQ0MzA0MTk3JTIxM2QzNy41OTg0MTE3MzAwNTkxOSUyMTJtMyUyMTFmMCUyMTJmMCUyMTNmMCUyMTNtMiUyMTFpMTAyNCUyMTJpNzY4JTIxNGYxMy4xJTIxM20zJTIxMW0yJTIxMXMweGQ2NGEyNGY0YjZlMDVkNSUyNTNBMHg3Yzg1MjBkMTEzZjBjYjIzJTIxMnNBbHZlZ2VzdCUyNTIwTWF6YXJyJTI1QzMlMjVCM24lMjE1ZTAlMjEzbTIlMjExc2VzJTIxMnNlcyUyMTR2MTY1MjIwNjY3NzA3MyUyMTVtMiUyMTFzZXMlMjEyc2VzJTIyJTIwd2lkdGglM0QlMjI2MDAlMjIlMjBoZWlnaHQlM0QlMjI0NTAlMjIlMjBzdHlsZSUzRCUyMmJvcmRlciUzQTAlM0IlMjIlMjBhbGxvd2Z1bGxzY3JlZW4lM0QlMjIlMjIlMjBsb2FkaW5nJTNEJTIybGF6eSUyMiUyMHJlZmVycmVycG9saWN5JTNEJTIybm8tcmVmZXJyZXItd2hlbi1kb3duZ3JhZGUlMjIlM0UlM0MlMkZpZnJhbWUlM0U=\u00bb]<div class=\"porto-sicon-wrapper style_1\"><div class=\"porto-sicon-box default-icon\" style=\"\"  ><div class=\"porto-sicon-header\" ><h3 class=\"porto-sicon-title\" style=\"font-size:14px;color:#777777;\"><strong>Direcci\u00f3n<\/strong> Avenida Constituci\u00f3n, 113 Bajo 30870 MAZARR\u00d3N<\/h3><\/div> <!-- header --><\/div> <!-- porto-sicon-box --><\/div><div class=\"porto-sicon-wrapper m-t-n style_1\"><div class=\"porto-sicon-box default-icon\" style=\"\"  ><div class=\"porto-sicon-header\" ><h3 class=\"porto-sicon-title\" style=\"font-size:14px;color:#777777;\"><strong>Tel\u00e9fonos:<\/strong> 968006090 \/ 620090012<\/h3><\/div> <!-- header --><\/div> <!-- porto-sicon-box --><\/div><div class=\"porto-sicon-wrapper style_1\"><div class=\"porto-sicon-box default-icon\" style=\"\"  ><div class=\"porto-sicon-description\" style=\"\"><strong>Email:<\/strong> segundo.munoz@alvegest.com<\/div> <!-- description --><\/div> <!-- porto-sicon-box --><\/div>[\/vc_column][\/vc_row][vc_row][vc_column width=\u00bb1\/3&#8243;][\/vc_column][vc_column width=\u00bb1\/3&#8243;][\/vc_column][vc_column width=\u00bb1\/3&#8243;][\/vc_column][\/vc_row]<\/p>\n","protected":false},"excerpt":{"rendered":"<p>[vc_row][vc_column][vc_custom_heading text=\u00bbContacto y localizaci\u00f3n\u00bb use_theme_fonts=\u00bbyes\u00bb][vc_column_text] Puede ponerse en contacto con nosotros, por v\u00eda telef\u00f3nica, o presencialmente en nuestras oficinas con el siguiente horario: Tel\u00e9fono principal: 968 212607, horario de lunes a viernes de 9,00 a 14,00 h. y martes y jueves por las tardes de 17,00 a 19,30 h. En caso de aver\u00eda urgente fuera [&hellip;]<\/p>\n","protected":false},"author":1,"featured_media":0,"parent":0,"menu_order":0,"comment_status":"closed","ping_status":"closed","template":"","meta":{"footnotes":""},"_links":{"self":[{"href":"https:\/\/www.alvegest.com\/web\/wp-json\/wp\/v2\/pages\/61"}],"collection":[{"href":"https:\/\/www.alvegest.com\/web\/wp-json\/wp\/v2\/pages"}],"about":[{"href":"https:\/\/www.alvegest.com\/web\/wp-json\/wp\/v2\/types\/page"}],"author":[{"embeddable":true,"href":"https:\/\/www.alvegest.com\/web\/wp-json\/wp\/v2\/users\/1"}],"replies":[{"embeddable":true,"href":"https:\/\/www.alvegest.com\/web\/wp-json\/wp\/v2\/comments?post=61"}],"version-history":[{"count":31,"href":"https:\/\/www.alvegest.com\/web\/wp-json\/wp\/v2\/pages\/61\/revisions"}],"predecessor-version":[{"id":1235,"href":"https:\/\/www.alvegest.com\/web\/wp-json\/wp\/v2\/pages\/61\/revisions\/1235"}],"wp:attachment":[{"href":"https:\/\/www.alvegest.com\/web\/wp-json\/wp\/v2\/media?parent=61"}],"curies":[{"name":"wp","href":"https:\/\/api.w.org\/{rel}","templated":true}]}}