{"id":40,"date":"2016-07-18T09:05:33","date_gmt":"2016-07-18T09:05:33","guid":{"rendered":"http:\/\/sw-themes.com\/porto_dummy\/?page_id=40"},"modified":"2017-12-08T11:32:36","modified_gmt":"2017-12-08T11:32:36","slug":"cooperativas","status":"publish","type":"page","link":"https:\/\/www.alvegest.com\/web\/servicios\/cooperativas\/","title":{"rendered":"Cooperativas"},"content":{"rendered":"<p>[vc_row][vc_column][vc_custom_heading text=\u00bbGesti\u00f3n de cooperativas\u00bb use_theme_fonts=\u00bbyes\u00bb][vc_row_inner][vc_column_inner width=\u00bb1\/3&#8243;][vc_single_image image=\u00bb868&#8243; img_size=\u00bb264&#215;380&#8243;][\/vc_column_inner][vc_column_inner width=\u00bb2\/3&#8243;][vc_column_text]<\/p>\n<p style=\"line-height: 26px; font-size: 16px; font-weight: 300;\">Nuestra actividad como Entidad Gestora en Cooperativas de Viviendas o Administradores en Comunidades de Propietarios constituidas en r\u00e9gimen de construcci\u00f3n, abarca desde la constituci\u00f3n hasta la liquidaci\u00f3n final, siendo estas algunas de nuestras funciones:<\/p>\n<ul style=\"line-height: 26px; font-size: 16px; font-weight: 300; margin-bottom: 20px;\">\n<li>Asesor\u00eda proceso de selecci\u00f3n de empresa constructora, normas de obligado cumplimiento con empresas aseguradoras y organismos de control T\u00e9cnico, Arquitectos, Coordinadores de Salud, Tr\u00e1mites administrativos para obtener Licencias de Obra, de Instalaciones, de Primera Ocupaci\u00f3n, de los tr\u00e1mites Calificaciones Provisionales y Definitivas&#8230;<\/li>\n<li>Control de libros contables y presentaci\u00f3n de balances en Juntas.<\/li>\n<li>Asistencia y redacci\u00f3n de actas de las Juntas.<\/li>\n<li>Asesoramiento para la constituci\u00f3n de la Comunidad de Propietarios<\/li>\n<li>Tramites finales Liquidaci\u00f3n de Cooperativas.<\/li>\n<\/ul>\n<p style=\"line-height: 26px; font-size: 16px; font-weight: 300;\"><strong>ALVEGEST<\/strong>\u00a0es especialista en la tramitaci\u00f3n de la liquidaci\u00f3n de la Cooperativa, por lo que si fuera este su caso, puede solicitarnos, sin compromiso alguno, presupuesto exclusivamente para esta cuesti\u00f3n que se ve alargada innecesariamente en m\u00faltiples Cooperativas.<\/p>\n<p>[\/vc_column_text][\/vc_column_inner][\/vc_row_inner][\/vc_column][\/vc_row]<\/p>\n","protected":false},"excerpt":{"rendered":"<p>[vc_row][vc_column][vc_custom_heading text=\u00bbGesti\u00f3n de cooperativas\u00bb use_theme_fonts=\u00bbyes\u00bb][vc_row_inner][vc_column_inner width=\u00bb1\/3&#8243;][vc_single_image image=\u00bb868&#8243; img_size=\u00bb264&#215;380&#8243;][\/vc_column_inner][vc_column_inner width=\u00bb2\/3&#8243;][vc_column_text] Nuestra actividad como Entidad Gestora en Cooperativas de Viviendas o Administradores en Comunidades de Propietarios constituidas en r\u00e9gimen de construcci\u00f3n, abarca desde la constituci\u00f3n hasta la liquidaci\u00f3n final, siendo estas algunas de nuestras funciones: Asesor\u00eda proceso de selecci\u00f3n de empresa constructora, normas de obligado cumplimiento con [&hellip;]<\/p>\n","protected":false},"author":1,"featured_media":0,"parent":36,"menu_order":0,"comment_status":"closed","ping_status":"closed","template":"","meta":{"footnotes":""},"_links":{"self":[{"href":"https:\/\/www.alvegest.com\/web\/wp-json\/wp\/v2\/pages\/40"}],"collection":[{"href":"https:\/\/www.alvegest.com\/web\/wp-json\/wp\/v2\/pages"}],"about":[{"href":"https:\/\/www.alvegest.com\/web\/wp-json\/wp\/v2\/types\/page"}],"author":[{"embeddable":true,"href":"https:\/\/www.alvegest.com\/web\/wp-json\/wp\/v2\/users\/1"}],"replies":[{"embeddable":true,"href":"https:\/\/www.alvegest.com\/web\/wp-json\/wp\/v2\/comments?post=40"}],"version-history":[{"count":16,"href":"https:\/\/www.alvegest.com\/web\/wp-json\/wp\/v2\/pages\/40\/revisions"}],"predecessor-version":[{"id":1062,"href":"https:\/\/www.alvegest.com\/web\/wp-json\/wp\/v2\/pages\/40\/revisions\/1062"}],"up":[{"embeddable":true,"href":"https:\/\/www.alvegest.com\/web\/wp-json\/wp\/v2\/pages\/36"}],"wp:attachment":[{"href":"https:\/\/www.alvegest.com\/web\/wp-json\/wp\/v2\/media?parent=40"}],"curies":[{"name":"wp","href":"https:\/\/api.w.org\/{rel}","templated":true}]}}