{"id":39,"date":"2016-07-18T09:05:13","date_gmt":"2016-07-18T09:05:13","guid":{"rendered":"http:\/\/sw-themes.com\/porto_dummy\/?page_id=39"},"modified":"2017-12-04T18:54:30","modified_gmt":"2017-12-04T18:54:30","slug":"inmobiliaria","status":"publish","type":"page","link":"https:\/\/www.alvegest.com\/web\/servicios\/inmobiliaria\/","title":{"rendered":"Inmobiliaria"},"content":{"rendered":"<p>[vc_row][vc_column][vc_custom_heading text=\u00bbInmobiliaria\u00bb use_theme_fonts=\u00bbyes\u00bb][vc_single_image image=\u00bb843&#8243; img_size=\u00bb900&#215;190&#8243;][vc_column_text el_class=\u00bblead\u00bb]<\/p>\n<p style=\"line-height: 26px; font-size:16px;\">Adem\u00e1s de los servicios propios de intermediaci\u00f3n inmobiliaria, ALVEGEST presta los siguientes servicios:<\/p>\n<p style=\"line-height: 26px; font-size:16px;\"><strong>Gesti\u00f3n de Alquileres<\/strong><\/p>\n<p style=\"line-height: 26px; font-size:16px;\">Asesoramos a Propietarios de inmuebles alquilados y realizamos el cobro de recibos, actualizaci\u00f3n de contratos, repercusi\u00f3n de obras, procedimientos judiciales y extrajudiciales de desahucio.<\/p>\n<p style=\"line-height: 26px; font-size:16px;\"><strong>Asesoramiento en compra-venta<\/strong><\/p>\n<p style=\"line-height: 26px; font-size:16px;\">Si usted ya tiene el comprador para su vivienda le ayudamos a perfeccionar el contrato y realizar los tr\u00e1mites necesarios ante Registro de la Propiedad, Notar\u00eda, Catastro, Ayuntamiento, Comunidad de propietarios, etc.<\/p>\n<p>[\/vc_column_text][\/vc_column][\/vc_row][vc_row][vc_column][\/vc_column][\/vc_row][vc_row][vc_column][vc_btn title=\u00bbEncuentre aqu\u00ed su vivienda\u00bb style=\u00bbflat\u00bb color=\u00bbsky\u00bb size=\u00bblg\u00bb align=\u00bbcenter\u00bb skin=\u00bbprimary\u00bb css=\u00bb.vc_custom_1512413667364{margin-top: 40px !important;}\u00bb link=\u00bburl:http%3A%2F%2Fwww.xn--smuoz-qta.es%2Fpropiedades%2F||target:%20_blank|\u00bb][\/vc_column][\/vc_row]<\/p>\n","protected":false},"excerpt":{"rendered":"<p>[vc_row][vc_column][vc_custom_heading text=\u00bbInmobiliaria\u00bb use_theme_fonts=\u00bbyes\u00bb][vc_single_image image=\u00bb843&#8243; img_size=\u00bb900&#215;190&#8243;][vc_column_text el_class=\u00bblead\u00bb] Adem\u00e1s de los servicios propios de intermediaci\u00f3n inmobiliaria, ALVEGEST presta los siguientes servicios: Gesti\u00f3n de Alquileres Asesoramos a Propietarios de inmuebles alquilados y realizamos el cobro de recibos, actualizaci\u00f3n de contratos, repercusi\u00f3n de obras, procedimientos judiciales y extrajudiciales de desahucio. Asesoramiento en compra-venta Si usted ya tiene el comprador [&hellip;]<\/p>\n","protected":false},"author":1,"featured_media":0,"parent":36,"menu_order":0,"comment_status":"closed","ping_status":"closed","template":"","meta":{"footnotes":""},"_links":{"self":[{"href":"https:\/\/www.alvegest.com\/web\/wp-json\/wp\/v2\/pages\/39"}],"collection":[{"href":"https:\/\/www.alvegest.com\/web\/wp-json\/wp\/v2\/pages"}],"about":[{"href":"https:\/\/www.alvegest.com\/web\/wp-json\/wp\/v2\/types\/page"}],"author":[{"embeddable":true,"href":"https:\/\/www.alvegest.com\/web\/wp-json\/wp\/v2\/users\/1"}],"replies":[{"embeddable":true,"href":"https:\/\/www.alvegest.com\/web\/wp-json\/wp\/v2\/comments?post=39"}],"version-history":[{"count":23,"href":"https:\/\/www.alvegest.com\/web\/wp-json\/wp\/v2\/pages\/39\/revisions"}],"predecessor-version":[{"id":864,"href":"https:\/\/www.alvegest.com\/web\/wp-json\/wp\/v2\/pages\/39\/revisions\/864"}],"up":[{"embeddable":true,"href":"https:\/\/www.alvegest.com\/web\/wp-json\/wp\/v2\/pages\/36"}],"wp:attachment":[{"href":"https:\/\/www.alvegest.com\/web\/wp-json\/wp\/v2\/media?parent=39"}],"curies":[{"name":"wp","href":"https:\/\/api.w.org\/{rel}","templated":true}]}}