{"id":24,"date":"2016-07-18T00:39:07","date_gmt":"2016-07-18T00:39:07","guid":{"rendered":"http:\/\/sw-themes.com\/porto_dummy\/?page_id=24"},"modified":"2024-01-10T08:38:36","modified_gmt":"2024-01-10T08:38:36","slug":"conocenos","status":"publish","type":"page","link":"https:\/\/www.alvegest.com\/web\/conocenos\/","title":{"rendered":"Con\u00f3cenos"},"content":{"rendered":"<p>[vc_row text_align=\u00bbleft\u00bb el_id=\u00bbwho-we-are\u00bb el_class=\u00bbm-t-n-md p-t-md\u00bb][vc_column][vc_single_image image=\u00bb1142&#8243; img_size=\u00bb600X800&#8243;][vc_custom_heading text=\u00bbCon\u00f3cenos\u00bb use_theme_fonts=\u00bbyes\u00bb el_class=\u00bbm-b-md\u00bb][vc_column_text el_class=\u00bblead\u00bb]<a name=\"conocenos\"><\/a><\/p>\n<p style=\"line-height: 26px; font-size: 16px;\">Nuestra empresa est\u00e1 integrada por Abogados y Administradores de Fincas, con una dilatada\u00a0<strong>experiencia<\/strong>\u00a0profesional, que acumulan m\u00e1s de 20 a\u00f1os siendo l\u00edderes en el sector de la Administraci\u00f3n de Fincas en la Regi\u00f3n de Murcia.<\/p>\n<p style=\"line-height: 26px; font-size: 16px;\">Actualmente estamos presentes en la Gesti\u00f3n directa de un gran n\u00famero de\u00a0<strong>Comunidades de Propietarios<\/strong>, Cooperativas, Entidades Urban\u00edsticas, Agrupaciones de Comunidades, Mancomunidades y Comunidades de Usuarios, a trav\u00e9s de nuestras oficinas en\u00a0<a href=\"https:\/\/www.alvegest.com\/web\/contacto\/#mapas\">Murcia y Mazarr\u00f3n.<\/a><\/p>\n<p style=\"line-height: 26px; font-size: 16px;\">Contamos con la\u00a0<strong>garant\u00eda<\/strong>\u00a0en el\u00a0<u>sector jur\u00eddico<\/u>\u00a0de Abogados especialistas en Propiedad Horizontal (Comunidades de Propietarios), Arrendamientos Urbanos (Alquileres), y Procesos de reclamaci\u00f3n de impagados, a disposici\u00f3n de nuestros clientes para cualquier Asesoramiento Legal que les fuera necesario.<\/p>\n<p style=\"line-height: 26px; font-size: 16px;\">Ponemos a su disposici\u00f3n tambi\u00e9n nuestra\u00a0<strong>profesionalidad<\/strong>, como\u00a0 especialistas en la <strong>tramitaci\u00f3n de subvenciones<\/strong> y ayudas oficiales para Comunidades de propietarios.<\/p>\n<p style=\"line-height: 26px; font-size: 16px;\">Si usted busca\u00a0<strong>calidad<\/strong>\u00a0en los Servicios que le demanda a un Administrador de Fincas, ha llegado al lugar adecuado, contacte con nosotros y solic\u00edtenos un<a href=\"https:\/\/alvegest.com\/web\/solicitud-de-presupuesto\/\">\u00a0presupuesto sin compromiso<\/a>.<\/p>\n<p style=\"line-height: 26px; font-size: 16px;\">Si ya forma parte de nuestros\u00a0clientes administrados, queremos agradecerle sinceramente la\u00a0<strong>confianza<\/strong>\u00a0depositada en nuestra empresa, que nos permite d\u00eda a d\u00eda seguir trabajando para usted, nuestro mejor valor.<\/p>\n<p><a name=\"mision\"><\/a><\/p>\n<p style=\"line-height: 26px; font-size: 16px;\">\u00bfQuiere conocer m\u00e1s sobre nosotros?<br \/>\n<a href=\"https:\/\/alvegest.com\/pdf\/valores.pdf\" target=\"_blank\" rel=\"noopener\">-Misi\u00f3n, Visi\u00f3n y Valores de Alvegest<\/a><br \/>\n<a href=\"https:\/\/alvegest.com\/pdf\/transpariencia.pdf\" target=\"_blank\" rel=\"noopener\">-Pol\u00edtica de Transparencia.<\/a><\/p>\n<h4>-Protecci\u00f3n de datos. Informaci\u00f3n Extendida para clientes de Alvegest SL. en:<\/h4>\n<p><a href=\"https:\/\/www.alvegest.com\/web\/informacion-proteccion-de-datos-para-clientes-alvegest\/\">https:\/\/www.alvegest.com\/web\/informacion-proteccion-de-datos-para-clientes-alvegest\/<\/a>[\/vc_column_text][vc_separator color=\u00bbcustom\u00bb style=\u00bbsolid\u00bb gap=\u00bbtaller\u00bb accent_color=\u00bb#dbdbdb\u00bb el_class=\u00bbm-b-none\u00bb][\/vc_column][\/vc_row]<\/p>\n","protected":false},"excerpt":{"rendered":"<p>[vc_row text_align=\u00bbleft\u00bb el_id=\u00bbwho-we-are\u00bb el_class=\u00bbm-t-n-md p-t-md\u00bb][vc_column][vc_single_image image=\u00bb1142&#8243; img_size=\u00bb600X800&#8243;][vc_custom_heading text=\u00bbCon\u00f3cenos\u00bb use_theme_fonts=\u00bbyes\u00bb el_class=\u00bbm-b-md\u00bb][vc_column_text el_class=\u00bblead\u00bb] Nuestra empresa est\u00e1 integrada por Abogados y Administradores de Fincas, con una dilatada\u00a0experiencia\u00a0profesional, que acumulan m\u00e1s de 20 a\u00f1os siendo l\u00edderes en el sector de la Administraci\u00f3n de Fincas en la Regi\u00f3n de Murcia. Actualmente estamos presentes en la Gesti\u00f3n directa de un gran [&hellip;]<\/p>\n","protected":false},"author":1,"featured_media":0,"parent":0,"menu_order":0,"comment_status":"closed","ping_status":"closed","template":"","meta":{"footnotes":""},"_links":{"self":[{"href":"https:\/\/www.alvegest.com\/web\/wp-json\/wp\/v2\/pages\/24"}],"collection":[{"href":"https:\/\/www.alvegest.com\/web\/wp-json\/wp\/v2\/pages"}],"about":[{"href":"https:\/\/www.alvegest.com\/web\/wp-json\/wp\/v2\/types\/page"}],"author":[{"embeddable":true,"href":"https:\/\/www.alvegest.com\/web\/wp-json\/wp\/v2\/users\/1"}],"replies":[{"embeddable":true,"href":"https:\/\/www.alvegest.com\/web\/wp-json\/wp\/v2\/comments?post=24"}],"version-history":[{"count":33,"href":"https:\/\/www.alvegest.com\/web\/wp-json\/wp\/v2\/pages\/24\/revisions"}],"predecessor-version":[{"id":1280,"href":"https:\/\/www.alvegest.com\/web\/wp-json\/wp\/v2\/pages\/24\/revisions\/1280"}],"wp:attachment":[{"href":"https:\/\/www.alvegest.com\/web\/wp-json\/wp\/v2\/media?parent=24"}],"curies":[{"name":"wp","href":"https:\/\/api.w.org\/{rel}","templated":true}]}}