{"id":1039,"date":"2017-12-07T12:02:53","date_gmt":"2017-12-07T12:02:53","guid":{"rendered":"http:\/\/alvegest.com\/web\/?page_id=1039"},"modified":"2017-12-07T12:13:47","modified_gmt":"2017-12-07T12:13:47","slug":"solicitud-de-presupuesto","status":"publish","type":"page","link":"https:\/\/www.alvegest.com\/web\/solicitud-de-presupuesto\/","title":{"rendered":"Solicitud de presupuesto"},"content":{"rendered":"\n<div class=\"wpcf7 no-js\" id=\"wpcf7-f1043-o1\" lang=\"es-ES\" dir=\"ltr\">\n<div class=\"screen-reader-response\"><p role=\"status\" aria-live=\"polite\" aria-atomic=\"true\"><\/p> <ul><\/ul><\/div>\n<form action=\"\/web\/wp-json\/wp\/v2\/pages\/1039#wpcf7-f1043-o1\" method=\"post\" class=\"wpcf7-form init\" aria-label=\"Formulario de contacto\" novalidate=\"novalidate\" data-status=\"init\">\n<div style=\"display: none;\">\n<input type=\"hidden\" name=\"_wpcf7\" value=\"1043\" \/>\n<input type=\"hidden\" name=\"_wpcf7_version\" value=\"5.9.6\" \/>\n<input type=\"hidden\" name=\"_wpcf7_locale\" value=\"es_ES\" \/>\n<input type=\"hidden\" name=\"_wpcf7_unit_tag\" value=\"wpcf7-f1043-o1\" \/>\n<input type=\"hidden\" name=\"_wpcf7_container_post\" value=\"0\" \/>\n<input type=\"hidden\" name=\"_wpcf7_posted_data_hash\" value=\"\" \/>\n<input type=\"hidden\" name=\"_wpcf7_recaptcha_response\" value=\"\" \/>\n<\/div>\n<h3>1. Datos de la comunidad\n<\/h3>\n<p>Los datos se\u00f1alados con * son obligatorios\n<\/p>\n<p><label> Nombre de la comunidad (*)<br \/>\n<span class=\"wpcf7-form-control-wrap\" data-name=\"presu-comunidad\"><input size=\"40\" maxlength=\"80\" class=\"wpcf7-form-control wpcf7-text wpcf7-validates-as-required\" aria-required=\"true\" aria-invalid=\"false\" value=\"\" type=\"text\" name=\"presu-comunidad\" \/><\/span> <\/label><br \/>\n<label> Direcci\u00f3n<br \/>\n<span class=\"wpcf7-form-control-wrap\" data-name=\"presu-direccion\"><input size=\"40\" maxlength=\"80\" class=\"wpcf7-form-control wpcf7-text\" aria-invalid=\"false\" value=\"\" type=\"text\" name=\"presu-direccion\" \/><\/span> <\/label><br \/>\n<label> C\u00f3digo postal (*)<br \/>\n<span class=\"wpcf7-form-control-wrap\" data-name=\"presu-codpostal\"><input size=\"40\" maxlength=\"80\" class=\"wpcf7-form-control wpcf7-text wpcf7-validates-as-required\" aria-required=\"true\" aria-invalid=\"false\" value=\"\" type=\"text\" name=\"presu-codpostal\" \/><\/span> <\/label><br \/>\n<label> Poblaci\u00f3n<br \/>\n<span class=\"wpcf7-form-control-wrap\" data-name=\"presu-poblacion\"><input size=\"40\" maxlength=\"80\" class=\"wpcf7-form-control wpcf7-text\" aria-invalid=\"false\" value=\"\" type=\"text\" name=\"presu-poblacion\" \/><\/span> <\/label><br \/>\n<label> N\u00ba viviendas (*)<br \/>\n<span class=\"wpcf7-form-control-wrap\" data-name=\"presu-nviviendas\"><input size=\"40\" maxlength=\"80\" class=\"wpcf7-form-control wpcf7-text wpcf7-validates-as-required\" aria-required=\"true\" aria-invalid=\"false\" value=\"\" type=\"text\" name=\"presu-nviviendas\" \/><\/span> <\/label><br \/>\n<label> N\u00ba locales comerciales (requerido)<br \/>\n<span class=\"wpcf7-form-control-wrap\" data-name=\"presu-nlocales\"><input size=\"40\" maxlength=\"80\" class=\"wpcf7-form-control wpcf7-text wpcf7-validates-as-required\" aria-required=\"true\" aria-invalid=\"false\" value=\"\" type=\"text\" name=\"presu-nlocales\" \/><\/span> <\/label><br \/>\n<label> N\u00ba garajes (*)<br \/>\n<span class=\"wpcf7-form-control-wrap\" data-name=\"presu-ngarajes\"><input size=\"40\" maxlength=\"80\" class=\"wpcf7-form-control wpcf7-text wpcf7-validates-as-required\" aria-required=\"true\" aria-invalid=\"false\" value=\"\" type=\"text\" name=\"presu-ngarajes\" \/><\/span> <\/label><br \/>\n<label style=\"margin-top: 5px;\">Servicios <\/label><br \/>\n<span class=\"wpcf7-form-control-wrap\" data-name=\"checkbox-741\"><span class=\"wpcf7-form-control wpcf7-checkbox\"><span class=\"wpcf7-list-item first\"><input type=\"checkbox\" name=\"checkbox-741[]\" value=\"Portero\/Conserje\" \/><span class=\"wpcf7-list-item-label\">Portero\/Conserje<\/span><\/span><span class=\"wpcf7-list-item\"><input type=\"checkbox\" name=\"checkbox-741[]\" value=\"Instalaciones deportivas\" \/><span class=\"wpcf7-list-item-label\">Instalaciones deportivas<\/span><\/span><span class=\"wpcf7-list-item\"><input type=\"checkbox\" name=\"checkbox-741[]\" value=\"Jardinero\" \/><span class=\"wpcf7-list-item-label\">Jardinero<\/span><\/span><span class=\"wpcf7-list-item last\"><input type=\"checkbox\" name=\"checkbox-741[]\" value=\"Piscina\" \/><span class=\"wpcf7-list-item-label\">Piscina<\/span><\/span><\/span><\/span><br \/>\n<label style=\"margin-top: 15px;\">Otras observaciones<br \/>\n<span class=\"wpcf7-form-control-wrap\" data-name=\"textarea-794\"><textarea cols=\"40\" rows=\"10\" maxlength=\"400\" class=\"wpcf7-form-control wpcf7-textarea\" aria-invalid=\"false\" name=\"textarea-794\"><\/textarea><\/span><\/label>\n<\/p>\n<h3>2. Contacto\n<\/h3>\n<p><label> Nombre (*)<br \/>\n<span class=\"wpcf7-form-control-wrap\" data-name=\"presu-nombre\"><input size=\"40\" maxlength=\"80\" class=\"wpcf7-form-control wpcf7-text wpcf7-validates-as-required\" aria-required=\"true\" aria-invalid=\"false\" value=\"\" type=\"text\" name=\"presu-nombre\" \/><\/span> <\/label><br \/>\n<label> Tel\u00e9fono (*)<br \/>\n<span class=\"wpcf7-form-control-wrap\" data-name=\"presu-telefono\"><input size=\"40\" maxlength=\"80\" class=\"wpcf7-form-control wpcf7-text wpcf7-validates-as-required\" aria-required=\"true\" aria-invalid=\"false\" value=\"\" type=\"text\" name=\"presu-telefono\" \/><\/span> <\/label>\n<\/p>\n<h3>3. \u00bfC\u00f3mo desea recibir el presupuesto?\n<\/h3>\n<p><label> Por e-mail al siguiente correo:<br \/>\n<span class=\"wpcf7-form-control-wrap\" data-name=\"email-985\"><input size=\"40\" maxlength=\"80\" class=\"wpcf7-form-control wpcf7-email wpcf7-text wpcf7-validates-as-email\" aria-invalid=\"false\" value=\"\" type=\"email\" name=\"email-985\" \/><\/span> <\/label><br \/>\n<label style=\"margin-bottom: 40px;\"> Por otro medio (indicar)<br \/>\n<span class=\"wpcf7-form-control-wrap\" data-name=\"presu-otromedio\"><input size=\"40\" maxlength=\"80\" class=\"wpcf7-form-control wpcf7-text\" aria-invalid=\"false\" value=\"\" type=\"text\" name=\"presu-otromedio\" \/><\/span> <\/label><br \/>\n<label><span class=\"wpcf7-form-control-wrap\" data-name=\"acceptance-854\"><span class=\"wpcf7-form-control wpcf7-acceptance\"><span class=\"wpcf7-list-item\"><input type=\"checkbox\" name=\"acceptance-854\" value=\"1\" aria-invalid=\"false\" \/><\/span><\/span><\/span> He le\u00eddo y consiento los tratamientos previstos en la <a href=\"https:\/\/www.alvegest.com\/web\/politica-de-privacidad\/\">Pol\u00edtica de privacidad<\/a><\/label><br \/>\n<input class=\"wpcf7-form-control wpcf7-submit has-spinner\" type=\"submit\" value=\"Enviar solicitud\" \/>\n<\/p><p style=\"display: none !important;\" class=\"akismet-fields-container\" data-prefix=\"_wpcf7_ak_\"><label>&#916;<textarea name=\"_wpcf7_ak_hp_textarea\" cols=\"45\" rows=\"8\" maxlength=\"100\"><\/textarea><\/label><input type=\"hidden\" id=\"ak_js_1\" name=\"_wpcf7_ak_js\" value=\"34\"\/><script>document.getElementById( \"ak_js_1\" ).setAttribute( \"value\", ( new Date() ).getTime() );<\/script><\/p><div class=\"wpcf7-response-output\" aria-hidden=\"true\"><\/div>\n<\/form>\n<\/div>\n\n","protected":false},"excerpt":{"rendered":"1. Datos de la comunidad Los datos se\u00f1alados con * son obligatorios Nombre de la comunidad (*) Direcci\u00f3n C\u00f3digo postal (*) Poblaci\u00f3n N\u00ba viviendas (*) N\u00ba locales comerciales (requerido) N\u00ba garajes (*) Servicios Portero\/ConserjeInstalaciones deportivasJardineroPiscina Otras observaciones 2. Contacto Nombre (*) Tel\u00e9fono (*) 3. \u00bfC\u00f3mo desea recibir el presupuesto? Por e-mail al siguiente correo: Por [...]","protected":false},"author":1,"featured_media":0,"parent":0,"menu_order":0,"comment_status":"closed","ping_status":"closed","template":"","meta":{"footnotes":""},"_links":{"self":[{"href":"https:\/\/www.alvegest.com\/web\/wp-json\/wp\/v2\/pages\/1039"}],"collection":[{"href":"https:\/\/www.alvegest.com\/web\/wp-json\/wp\/v2\/pages"}],"about":[{"href":"https:\/\/www.alvegest.com\/web\/wp-json\/wp\/v2\/types\/page"}],"author":[{"embeddable":true,"href":"https:\/\/www.alvegest.com\/web\/wp-json\/wp\/v2\/users\/1"}],"replies":[{"embeddable":true,"href":"https:\/\/www.alvegest.com\/web\/wp-json\/wp\/v2\/comments?post=1039"}],"version-history":[{"count":2,"href":"https:\/\/www.alvegest.com\/web\/wp-json\/wp\/v2\/pages\/1039\/revisions"}],"predecessor-version":[{"id":1044,"href":"https:\/\/www.alvegest.com\/web\/wp-json\/wp\/v2\/pages\/1039\/revisions\/1044"}],"wp:attachment":[{"href":"https:\/\/www.alvegest.com\/web\/wp-json\/wp\/v2\/media?parent=1039"}],"curies":[{"name":"wp","href":"https:\/\/api.w.org\/{rel}","templated":true}]}}